{"id":336,"date":"2016-03-12T22:20:29","date_gmt":"2016-03-13T00:20:29","guid":{"rendered":"http:\/\/www.andiara.com.br\/?page_id=336"},"modified":"2016-03-12T22:28:10","modified_gmt":"2016-03-13T00:28:10","slug":"sobre-a-gente","status":"publish","type":"page","link":"https:\/\/www.andiara.com.br\/?page_id=336","title":{"rendered":"Sobre a gente"},"content":{"rendered":"<p><a href=\"http:\/\/www.andiara.com.br\/wp-content\/uploads\/2016\/03\/n\u00f3s.jpg\" rel=\"attachment wp-att-339\"><img decoding=\"async\" loading=\"lazy\" class=\"aligncenter wp-image-339 size-large\" src=\"http:\/\/www.andiara.com.br\/wp-content\/uploads\/2016\/03\/n\u00f3s-1024x768.jpg\" alt=\"n\u00f3s\" width=\"840\" height=\"630\" srcset=\"https:\/\/www.andiara.com.br\/wp-content\/uploads\/2016\/03\/n\u00f3s-1024x768.jpg 1024w, https:\/\/www.andiara.com.br\/wp-content\/uploads\/2016\/03\/n\u00f3s-300x225.jpg 300w, https:\/\/www.andiara.com.br\/wp-content\/uploads\/2016\/03\/n\u00f3s-768x576.jpg 768w, https:\/\/www.andiara.com.br\/wp-content\/uploads\/2016\/03\/n\u00f3s.jpg 1280w\" sizes=\"(max-width: 840px) 100vw, 840px\" \/><\/a><\/p>\n<p>N\u00f3s somos assim: simples, com muita vontade de viver e ser o que realmente somos.<\/p>\n<p>H\u00e1 pouco mist\u00e9rio em ser o que somos: nada al\u00e9m de uma fam\u00edlia que deseja viver a vida em plenitude com\u00a0amor, paz e sa\u00fade. Parece simples n\u00e9? As vezes \u00e9 mesmo. Nem sempre. Mas na maioria \u00e9. Ou quase isso. Ou n\u00e3o, nem sabemos. Mas \u00e9 mais ou menos por ai.<\/p>\n<p>Pouca importa o que somos. Talvez o mais importante \u00e9 o que desejamos ser, e isso, ah, isso, temos muito claro em nossa consci\u00eancia: Felizes! Felizes por ser o que somos, por estarmos onde estamos e por experienciarmos o que vivemos.<\/p>\n<p>Voc\u00ea encontra a gente aqui:<\/p>\n<ul>\n<li>Andi &#8211;\u00a0<a href=\"https:\/\/www.facebook.com\/andineuwiem\">https:\/\/www.facebook.com\/andineuwiem<\/a><\/li>\n<li>Marco &#8211;\u00a0<a href=\"https:\/\/www.facebook.com\/neuwiem\">https:\/\/www.facebook.com\/neuwiem<\/a><\/li>\n<\/ul>\n<p>&nbsp;<\/p>\n","protected":false},"excerpt":{"rendered":"<p>N\u00f3s somos assim: simples, com muita vontade de viver e ser o que realmente somos. H\u00e1 pouco mist\u00e9rio em ser o que somos: nada al\u00e9m de uma fam\u00edlia que deseja viver a vida em plenitude com\u00a0amor, paz e sa\u00fade. Parece simples n\u00e9? As vezes \u00e9 mesmo. Nem sempre. Mas na maioria \u00e9. Ou quase isso. [&hellip;]<\/p>\n","protected":false},"author":1,"featured_media":0,"parent":0,"menu_order":0,"comment_status":"closed","ping_status":"closed","template":"","meta":[],"_links":{"self":[{"href":"https:\/\/www.andiara.com.br\/index.php?rest_route=\/wp\/v2\/pages\/336"}],"collection":[{"href":"https:\/\/www.andiara.com.br\/index.php?rest_route=\/wp\/v2\/pages"}],"about":[{"href":"https:\/\/www.andiara.com.br\/index.php?rest_route=\/wp\/v2\/types\/page"}],"author":[{"embeddable":true,"href":"https:\/\/www.andiara.com.br\/index.php?rest_route=\/wp\/v2\/users\/1"}],"replies":[{"embeddable":true,"href":"https:\/\/www.andiara.com.br\/index.php?rest_route=%2Fwp%2Fv2%2Fcomments&post=336"}],"version-history":[{"count":4,"href":"https:\/\/www.andiara.com.br\/index.php?rest_route=\/wp\/v2\/pages\/336\/revisions"}],"predecessor-version":[{"id":343,"href":"https:\/\/www.andiara.com.br\/index.php?rest_route=\/wp\/v2\/pages\/336\/revisions\/343"}],"wp:attachment":[{"href":"https:\/\/www.andiara.com.br\/index.php?rest_route=%2Fwp%2Fv2%2Fmedia&parent=336"}],"curies":[{"name":"wp","href":"https:\/\/api.w.org\/{rel}","templated":true}]}}